{"id":180,"date":"2025-05-26T15:28:04","date_gmt":"2025-05-26T13:28:04","guid":{"rendered":"https:\/\/www.photo-editing-software.com\/blog\/?page_id=180"},"modified":"2025-05-26T15:28:04","modified_gmt":"2025-05-26T13:28:04","slug":"inhalt","status":"publish","type":"page","link":"https:\/\/www.photo-editing-software.com\/blog\/inhalt\/","title":{"rendered":"Inhalt"},"content":{"rendered":"<ul class=\"mkg-html-sitemap\"><li><a href=\"https:\/\/www.photo-editing-software.com\/blog\/einfaches-bildbearbeitungsprogramm-fuer-bildcollagen\/\">Einfaches Bildbearbeitungsprogramm f\u00fcr Bildcollagen<\/a><\/li><li><a href=\"https:\/\/www.photo-editing-software.com\/blog\/einsatz-von-dem-bildbearbeitungsprogramm-fuer-anfaenger-im-vintage-stil\/\">Einsatz von dem Bildbearbeitungsprogramm f\u00fcr Anf\u00e4nger im Vintage-Stil<\/a><\/li><li><a href=\"https:\/\/www.photo-editing-software.com\/blog\/empfehlungen-vor-dem-ersten-gebrauch-eines-vibrators\/\">Empfehlungen vor dem ersten Gebrauch eines Vibrators<\/a><\/li><li><a href=\"https:\/\/www.photo-editing-software.com\/blog\/newsletter-programm-segmentierung-zur-zielanwenderoptimierung\/\">Newsletter Programm &#8211; Segmentierung zur Zielanwenderoptimierung<\/a><\/li><li><a href=\"https:\/\/www.photo-editing-software.com\/blog\/platzierung-von-bildern-und-texten-auf-webseiten\/\">Platzierung von Bildern und Texten auf Webseiten<\/a><\/li><li><a href=\"https:\/\/www.photo-editing-software.com\/blog\/wie-natuerliche-schlafmittel-ohne-rezept-helfen-koennen\/\">Wie nat\u00fcrliche Schlafmittel ohne Rezept helfen k\u00f6nnen<\/a><\/li><li><a href=\"https:\/\/www.photo-editing-software.com\/blog\/inhalt\/\">Inhalt<\/a><\/li><li><a href=\"https:\/\/www.photo-editing-software.com\/blog\/schallabsorption-fuer-ruhe-in-lauten-umgebungen\/\">Schallabsorption f\u00fcr Ruhe in lauten Umgebungen<\/a><\/li><li><a href=\"https:\/\/www.photo-editing-software.com\/blog\/gartenpflege-und-spieltrieb-vereint-neue-spassgeraete-fuer-freizeitgestaltung\/\">Gartenpflege und Spieltrieb vereint &#8211; Neue Spa\u00dfger\u00e4te f\u00fcr Freizeitgestaltung<\/a><\/li><li><a href=\"https:\/\/www.photo-editing-software.com\/blog\/solfeggio-432-hz-converter-multiesocon-fuer-das-wohlbefinden\/\">Solfeggio 432 Hz Converter MultiEsoCon f\u00fcr das Wohlbefinden<\/a><\/li><li><a href=\"https:\/\/www.photo-editing-software.com\/blog\/hobby-horsing-alles-was-man-darueber-wissen-sollte\/\">Hobby Horsing &#8211; Alles was man dar\u00fcber wissen sollte<\/a><\/li><li><a href=\"https:\/\/www.photo-editing-software.com\/blog\/kernfunktionen-von-serienmail-software-erfolg-von-kampagnen-messen\/\">Kernfunktionen von Serienmail Software &#8211; Erfolg von Kampagnen messen<\/a><\/li><li><a href=\"https:\/\/www.photo-editing-software.com\/blog\/bildbearbeitungsprogramm-und-einfaches-einfuegen-von-cliparts\/\">Bildbearbeitungsprogramm und einfaches Einf\u00fcgen von Cliparts<\/a><\/li><li><a href=\"https:\/\/www.photo-editing-software.com\/blog\/farben-in-fotos-mit-dem-bildbearbeitungsprogramm-aendern\/\">Farben in Fotos mit dem Bildbearbeitungsprogramm \u00e4ndern<\/a><\/li><li><a href=\"https:\/\/www.photo-editing-software.com\/blog\/psychoakustik-wie-das-ohr-toene-wahrnimmt-und-verarbeitet\/\">Psychoakustik &#8211; Wie das Ohr T\u00f6ne wahrnimmt und verarbeitet<\/a><\/li><li><a href=\"https:\/\/www.photo-editing-software.com\/blog\/vorleseprogramm-und-die-bildschirm-inhalte-laut-vorlesen-lassen\/\">Vorleseprogramm und die Bildschirm Inhalte laut vorlesen lassen<\/a><\/li><li><a href=\"https:\/\/www.photo-editing-software.com\/blog\/top-homepage-software-fuer-windows-ein-ueberblick\/\">Top Homepage Software f\u00fcr Windows &#8211; Ein \u00dcberblick<\/a><\/li><li><a href=\"https:\/\/www.photo-editing-software.com\/blog\/wordpress-ai-website-builder-revolutioniert-die-webgestaltung-durch-automatische-texterstellung\/\">WordPress AI Website Builder: Revolutioniert die Webgestaltung durch automatische Texterstellung<\/a><\/li><li><a href=\"https:\/\/www.photo-editing-software.com\/blog\/verschiedene-anwender-fuer-homepage-software\/\">Verschiedene Anwender f\u00fcr Homepage Software<\/a><\/li><li><a href=\"https:\/\/www.photo-editing-software.com\/blog\/mobile-klimaanlage-mit-abluftschlauch-fuer-den-sommer\/\">Mobile Klimaanlage mit Abluftschlauch f\u00fcr den Sommer<\/a><\/li><li><a href=\"https:\/\/www.photo-editing-software.com\/blog\/erkunde-georgien-mit-unserem-hilfreichen-reiseportal\/\">Erkunde Georgien mit unserem hilfreichen Reiseportal<\/a><\/li><li><a href=\"https:\/\/www.photo-editing-software.com\/blog\/so-funktioniert-chatgpt-mehrere-texte-schreiben\/\">So funktioniert ChatGPT mehrere Texte schreiben<\/a><\/li><li><a href=\"https:\/\/www.photo-editing-software.com\/blog\/moeglichkeiten-der-anwendung-zum-programm-fuer-webseiten-erstellen\/\">M\u00f6glichkeiten der Anwendung zum Programm f\u00fcr Webseiten erstellen<\/a><\/li><li><a href=\"https:\/\/www.photo-editing-software.com\/blog\/das-portal-ueber-reisen-und-spannende-reiseberichte\/\">Das Portal \u00fcber Reisen und spannende Reiseberichte<\/a><\/li><li><a href=\"https:\/\/www.photo-editing-software.com\/blog\/ein-bildbearbeitungsprogramm-vergleich-kann-hilfreich-sein\/\">Ein Bildbearbeitungsprogramm Vergleich kann Hilfreich sein<\/a><\/li><li><a href=\"https:\/\/www.photo-editing-software.com\/blog\/wie-du-mit-seo-mehr-traffic-und-sichtbarkeit-fuer-deine-webseite-erreichst\/\">Wie du mit SEO mehr Traffic und Sichtbarkeit f\u00fcr deine Webseite erreichst<\/a><\/li><\/ul>\n","protected":false},"excerpt":{"rendered":"<p>SEO<\/p>\n","protected":false},"author":1,"featured_media":0,"parent":0,"menu_order":0,"comment_status":"closed","ping_status":"closed","template":"","meta":{"site-sidebar-layout":"default","site-content-layout":"default","ast-global-header-display":"","ast-main-header-display":"","ast-hfb-above-header-display":"","ast-hfb-below-header-display":"","ast-hfb-mobile-header-display":"","site-post-title":"","ast-breadcrumbs-content":"","ast-featured-img":"","footer-sml-layout":"","theme-transparent-header-meta":"default","adv-header-id-meta":"","stick-header-meta":"","header-above-stick-meta":"","header-main-stick-meta":"","header-below-stick-meta":"","footnotes":""},"yoast_head":"<!-- This site is optimized with the Yoast SEO plugin v24.5 - https:\/\/yoast.com\/wordpress\/plugins\/seo\/ -->\n<title>Inhalt - PES: Ratgeber, Tipps und Wissenswertes<\/title>\n<meta name=\"robots\" content=\"index, follow, max-snippet:-1, max-image-preview:large, max-video-preview:-1\" \/>\n<link rel=\"canonical\" href=\"https:\/\/www.photo-editing-software.com\/blog\/inhalt\/\" \/>\n<meta property=\"og:locale\" content=\"de_DE\" \/>\n<meta property=\"og:type\" content=\"article\" \/>\n<meta property=\"og:title\" content=\"Inhalt - PES: Ratgeber, Tipps und Wissenswertes\" \/>\n<meta property=\"og:description\" content=\"SEO\" \/>\n<meta property=\"og:url\" content=\"https:\/\/www.photo-editing-software.com\/blog\/inhalt\/\" \/>\n<meta property=\"og:site_name\" content=\"PES: Ratgeber, Tipps und Wissenswertes\" \/>\n<meta name=\"twitter:card\" content=\"summary_large_image\" \/>\n<script type=\"application\/ld+json\" class=\"yoast-schema-graph\">{\"@context\":\"https:\/\/schema.org\",\"@graph\":[{\"@type\":\"WebPage\",\"@id\":\"https:\/\/www.photo-editing-software.com\/blog\/inhalt\/\",\"url\":\"https:\/\/www.photo-editing-software.com\/blog\/inhalt\/\",\"name\":\"Inhalt - PES: Ratgeber, Tipps und Wissenswertes\",\"isPartOf\":{\"@id\":\"https:\/\/www.photo-editing-software.com\/blog\/#website\"},\"datePublished\":\"2025-05-26T13:28:04+00:00\",\"breadcrumb\":{\"@id\":\"https:\/\/www.photo-editing-software.com\/blog\/inhalt\/#breadcrumb\"},\"inLanguage\":\"de-DE\",\"potentialAction\":[{\"@type\":\"ReadAction\",\"target\":[\"https:\/\/www.photo-editing-software.com\/blog\/inhalt\/\"]}]},{\"@type\":\"BreadcrumbList\",\"@id\":\"https:\/\/www.photo-editing-software.com\/blog\/inhalt\/#breadcrumb\",\"itemListElement\":[{\"@type\":\"ListItem\",\"position\":1,\"name\":\"Startseite\",\"item\":\"https:\/\/www.photo-editing-software.com\/blog\/\"},{\"@type\":\"ListItem\",\"position\":2,\"name\":\"Inhalt\"}]},{\"@type\":\"WebSite\",\"@id\":\"https:\/\/www.photo-editing-software.com\/blog\/#website\",\"url\":\"https:\/\/www.photo-editing-software.com\/blog\/\",\"name\":\"PES: Ratgeber, Tipps und Wissenswertes\",\"description\":\"Tipps und wissenswerte Artikel von PES\",\"publisher\":{\"@id\":\"https:\/\/www.photo-editing-software.com\/blog\/#organization\"},\"potentialAction\":[{\"@type\":\"SearchAction\",\"target\":{\"@type\":\"EntryPoint\",\"urlTemplate\":\"https:\/\/www.photo-editing-software.com\/blog\/?s={search_term_string}\"},\"query-input\":{\"@type\":\"PropertyValueSpecification\",\"valueRequired\":true,\"valueName\":\"search_term_string\"}}],\"inLanguage\":\"de-DE\"},{\"@type\":\"Organization\",\"@id\":\"https:\/\/www.photo-editing-software.com\/blog\/#organization\",\"name\":\"PES: Ratgeber, Tipps und Wissenswertes\",\"url\":\"https:\/\/www.photo-editing-software.com\/blog\/\",\"logo\":{\"@type\":\"ImageObject\",\"inLanguage\":\"de-DE\",\"@id\":\"https:\/\/www.photo-editing-software.com\/blog\/#\/schema\/logo\/image\/\",\"url\":\"https:\/\/www.photo-editing-software.com\/blog\/wp-content\/uploads\/2023\/03\/head.webp\",\"contentUrl\":\"https:\/\/www.photo-editing-software.com\/blog\/wp-content\/uploads\/2023\/03\/head.webp\",\"width\":271,\"height\":68,\"caption\":\"PES: Ratgeber, Tipps und Wissenswertes\"},\"image\":{\"@id\":\"https:\/\/www.photo-editing-software.com\/blog\/#\/schema\/logo\/image\/\"}}]}<\/script>\n<!-- \/ Yoast SEO plugin. -->","yoast_head_json":{"title":"Inhalt - PES: Ratgeber, Tipps und Wissenswertes","robots":{"index":"index","follow":"follow","max-snippet":"max-snippet:-1","max-image-preview":"max-image-preview:large","max-video-preview":"max-video-preview:-1"},"canonical":"https:\/\/www.photo-editing-software.com\/blog\/inhalt\/","og_locale":"de_DE","og_type":"article","og_title":"Inhalt - PES: Ratgeber, Tipps und Wissenswertes","og_description":"SEO","og_url":"https:\/\/www.photo-editing-software.com\/blog\/inhalt\/","og_site_name":"PES: Ratgeber, Tipps und Wissenswertes","twitter_card":"summary_large_image","schema":{"@context":"https:\/\/schema.org","@graph":[{"@type":"WebPage","@id":"https:\/\/www.photo-editing-software.com\/blog\/inhalt\/","url":"https:\/\/www.photo-editing-software.com\/blog\/inhalt\/","name":"Inhalt - PES: Ratgeber, Tipps und Wissenswertes","isPartOf":{"@id":"https:\/\/www.photo-editing-software.com\/blog\/#website"},"datePublished":"2025-05-26T13:28:04+00:00","breadcrumb":{"@id":"https:\/\/www.photo-editing-software.com\/blog\/inhalt\/#breadcrumb"},"inLanguage":"de-DE","potentialAction":[{"@type":"ReadAction","target":["https:\/\/www.photo-editing-software.com\/blog\/inhalt\/"]}]},{"@type":"BreadcrumbList","@id":"https:\/\/www.photo-editing-software.com\/blog\/inhalt\/#breadcrumb","itemListElement":[{"@type":"ListItem","position":1,"name":"Startseite","item":"https:\/\/www.photo-editing-software.com\/blog\/"},{"@type":"ListItem","position":2,"name":"Inhalt"}]},{"@type":"WebSite","@id":"https:\/\/www.photo-editing-software.com\/blog\/#website","url":"https:\/\/www.photo-editing-software.com\/blog\/","name":"PES: Ratgeber, Tipps und Wissenswertes","description":"Tipps und wissenswerte Artikel von PES","publisher":{"@id":"https:\/\/www.photo-editing-software.com\/blog\/#organization"},"potentialAction":[{"@type":"SearchAction","target":{"@type":"EntryPoint","urlTemplate":"https:\/\/www.photo-editing-software.com\/blog\/?s={search_term_string}"},"query-input":{"@type":"PropertyValueSpecification","valueRequired":true,"valueName":"search_term_string"}}],"inLanguage":"de-DE"},{"@type":"Organization","@id":"https:\/\/www.photo-editing-software.com\/blog\/#organization","name":"PES: Ratgeber, Tipps und Wissenswertes","url":"https:\/\/www.photo-editing-software.com\/blog\/","logo":{"@type":"ImageObject","inLanguage":"de-DE","@id":"https:\/\/www.photo-editing-software.com\/blog\/#\/schema\/logo\/image\/","url":"https:\/\/www.photo-editing-software.com\/blog\/wp-content\/uploads\/2023\/03\/head.webp","contentUrl":"https:\/\/www.photo-editing-software.com\/blog\/wp-content\/uploads\/2023\/03\/head.webp","width":271,"height":68,"caption":"PES: Ratgeber, Tipps und Wissenswertes"},"image":{"@id":"https:\/\/www.photo-editing-software.com\/blog\/#\/schema\/logo\/image\/"}}]}},"_links":{"self":[{"href":"https:\/\/www.photo-editing-software.com\/blog\/wp-json\/wp\/v2\/pages\/180"}],"collection":[{"href":"https:\/\/www.photo-editing-software.com\/blog\/wp-json\/wp\/v2\/pages"}],"about":[{"href":"https:\/\/www.photo-editing-software.com\/blog\/wp-json\/wp\/v2\/types\/page"}],"author":[{"embeddable":true,"href":"https:\/\/www.photo-editing-software.com\/blog\/wp-json\/wp\/v2\/users\/1"}],"replies":[{"embeddable":true,"href":"https:\/\/www.photo-editing-software.com\/blog\/wp-json\/wp\/v2\/comments?post=180"}],"version-history":[{"count":1,"href":"https:\/\/www.photo-editing-software.com\/blog\/wp-json\/wp\/v2\/pages\/180\/revisions"}],"predecessor-version":[{"id":181,"href":"https:\/\/www.photo-editing-software.com\/blog\/wp-json\/wp\/v2\/pages\/180\/revisions\/181"}],"wp:attachment":[{"href":"https:\/\/www.photo-editing-software.com\/blog\/wp-json\/wp\/v2\/media?parent=180"}],"curies":[{"name":"wp","href":"https:\/\/api.w.org\/{rel}","templated":true}]}}